{"id":3195,"date":"2021-11-13T12:12:33","date_gmt":"2021-11-13T11:12:33","guid":{"rendered":"https:\/\/www.livologistics.com\/sektorler\/"},"modified":"2021-11-15T13:14:10","modified_gmt":"2021-11-15T12:14:10","slug":"sektorler","status":"publish","type":"page","link":"https:\/\/www.livologistics.com\/tr\/sektorler\/","title":{"rendered":"Sektorler"},"content":{"rendered":"<p>[vc_row][vc_column el_id=&#8221;rev-slider-hero&#8221;]\n\t\t\t<!-- START heroindustries REVOLUTION SLIDER 6.3.9 --><p class=\"rs-p-wp-fix\"><\/p>\n\t\t\t<rs-module-wrap id=\"rev_slider_10_1_wrapper\" data-source=\"gallery\" style=\"background:transparent;padding:0;margin:0px auto;margin-top:0;margin-bottom:0;\">\n\t\t\t\t<rs-module id=\"rev_slider_10_1\" style=\"\" data-version=\"6.3.9\">\n\t\t\t\t\t<rs-slides>\n\t\t\t\t\t\t<rs-slide data-key=\"rs-25\" data-title=\"Slide\" data-anim=\"ei:d;eo:d;s:1000;r:0;t:fade;sl:0;\">\n\t\t\t\t\t\t\t<img loading=\"lazy\" decoding=\"async\" src=\"\/\/www.livologistics.com\/wp-content\/uploads\/revslider\/hero-industries\/backg-industries-top.jpg\" title=\"backg-industries-top.jpg\" width=\"2100\" height=\"1050\" data-bg=\"p:0% 15%;\" class=\"rev-slidebg\" data-no-retina>\n<!--\n\t\t\t\t\t\t\t--><rs-layer\n\t\t\t\t\t\t\t\tid=\"slider-10-slide-25-layer-0\" \n\t\t\t\t\t\t\t\tdata-type=\"shape\"\n\t\t\t\t\t\t\t\tdata-rsp_ch=\"on\"\n\t\t\t\t\t\t\t\tdata-text=\"w:normal;\"\n\t\t\t\t\t\t\t\tdata-dim=\"w:100%;h:100%;\"\n\t\t\t\t\t\t\t\tdata-basealign=\"slide\"\n\t\t\t\t\t\t\t\tdata-frame_999=\"o:0;st:w;\"\n\t\t\t\t\t\t\t\tstyle=\"z-index:5;background-color:rgba(0,0,0,0.35);\"\n\t\t\t\t\t\t\t> \n\t\t\t\t\t\t\t<\/rs-layer><!--\n-->\t\t\t\t\t\t<\/rs-slide>\n\t\t\t\t\t<\/rs-slides>\n\t\t\t\t<\/rs-module>\n\t\t\t\t<script type=\"text\/javascript\">\n\t\t\t\t\tsetREVStartSize({c: 'rev_slider_10_1',rl:[1240,1024,778,480],el:[300],gw:[1240],gh:[300],type:'standard',justify:'',layout:'fullwidth',mh:\"0\"});\n\t\t\t\t\tvar\trevapi10,\n\t\t\t\t\t\ttpj;\n\t\t\t\t\tfunction revinit_revslider101() {\n\t\t\t\t\tjQuery(function() {\n\t\t\t\t\t\ttpj = jQuery;\n\t\t\t\t\t\trevapi10 = tpj(\"#rev_slider_10_1\");\n\t\t\t\t\t\tif(revapi10==undefined || revapi10.revolution == undefined){\n\t\t\t\t\t\t\trevslider_showDoubleJqueryError(\"rev_slider_10_1\");\n\t\t\t\t\t\t}else{\n\t\t\t\t\t\t\trevapi10.revolution({\n\t\t\t\t\t\t\t\tsliderLayout:\"fullwidth\",\n\t\t\t\t\t\t\t\tvisibilityLevels:\"1240,1024,778,480\",\n\t\t\t\t\t\t\t\tgridwidth:1240,\n\t\t\t\t\t\t\t\tgridheight:300,\n\t\t\t\t\t\t\t\tspinner:\"spinner0\",\n\t\t\t\t\t\t\t\tperspectiveType:\"local\",\n\t\t\t\t\t\t\t\teditorheight:\"300,768,960,720\",\n\t\t\t\t\t\t\t\tresponsiveLevels:\"1240,1024,778,480\",\n\t\t\t\t\t\t\t\tprogressBar:{disableProgressBar:true},\n\t\t\t\t\t\t\t\tnavigation: {\n\t\t\t\t\t\t\t\t\tonHoverStop:false\n\t\t\t\t\t\t\t\t},\n\t\t\t\t\t\t\t\tfallbacks: {\n\t\t\t\t\t\t\t\t\tallowHTML5AutoPlayOnAndroid:true\n\t\t\t\t\t\t\t\t},\n\t\t\t\t\t\t\t});\n\t\t\t\t\t\t}\n\t\t\t\t\t\t\n\t\t\t\t\t});\n\t\t\t\t\t} \/\/ End of RevInitScript\n\t\t\t\tvar once_revslider101 = false;\n\t\t\t\tif (document.readyState === \"loading\") {document.addEventListener('readystatechange',function() { if((document.readyState === \"interactive\" || document.readyState === \"complete\") && !once_revslider101 ) { once_revslider101 = true; revinit_revslider101();}});} else {once_revslider101 = true; revinit_revslider101();}\n\t\t\t\t<\/script>\n\t\t\t<\/rs-module-wrap>\n\t\t\t<!-- END REVOLUTION SLIDER -->\n[\/vc_column][\/vc_row][vc_row][vc_column][vc_empty_space height=&#8221;64px&#8221;][\/vc_column][\/vc_row][vc_row][vc_column width=&#8221;1\/2&#8243; css=&#8221;.vc_custom_1620758829781{margin-bottom: 25px !important;}&#8221;][vc_column_text]<\/p>\n<h3>SEKT\u00d6RLER<\/h3>\n<p>M\u00fc\u015fteri odakl\u0131 yakla\u015f\u0131m\u0131m\u0131z ve ki\u015fiye \u00f6zel \u00e7\u00f6z\u00fcmlerimiz, a\u015fa\u011f\u0131daki sekt\u00f6rlerdeki de\u011ferli m\u00fc\u015fterilerimizin ihtiya\u00e7lar\u0131na hizmet etmektedir:<\/p>\n<ul>\n<li>Elektrik \u00fcretimi ve yenilenebilir enerji<\/li>\n<li>Petrol ve gaz<\/li>\n<li>\u0130n\u015faat ve madencilik<\/li>\n<li>Kimyasal ve petrokimya<\/li>\n<li>Tar\u0131m ve g\u0131da i\u015fleme<\/li>\n<li>Ula\u015f\u0131m ara\u00e7lar\u0131<\/li>\n<li>Patlay\u0131c\u0131 malzeme<\/li>\n<\/ul>\n<p>&nbsp;[\/vc_column_text][\/vc_column][vc_column width=&#8221;1\/2&#8243;][vc_single_image image=&#8221;3198&#8243; img_size=&#8221;full&#8221;][vc_empty_space height=&#8221;30px&#8221;][\/vc_column][\/vc_row][vc_row full_width=&#8221;stretch_row&#8221; css=&#8221;.vc_custom_1603705372021{background-color: #f9f9f9 !important;}&#8221;][vc_column][vc_empty_space height=&#8221;50px&#8221;][vc_column_text]<\/p>\n<h4>Executed Projects<\/h4>\n<p>[\/vc_column_text][vc_masonry_grid post_type=&#8221;post&#8221; max_items=&#8221;-1&#8243; style=&#8221;load-more&#8221; items_per_page=&#8221;4&#8243; show_filter=&#8221;yes&#8221; element_width=&#8221;3&#8243; filter_align=&#8221;left&#8221; item=&#8221;2330&#8243; btn_style=&#8221;modern&#8221; btn_color=&#8221;theme_style_1&#8243; btn_size=&#8221;xs&#8221; grid_id=&#8221;vc_gid:1621927804308-3d2e302c5115aa54c7f682b9621f2851-10&#8243; taxonomies=&#8221;11, 10, 5, 4, 2, 15, 6&#8243; filter_source=&#8221;category&#8221; exclude_filter=&#8221;8, 9, 12, 13, 14&#8243; css=&#8221;.vc_custom_1621927920791{padding-top: 20px !important;}&#8221;][vc_empty_space height=&#8221;20px&#8221;][\/vc_column][\/vc_row]<\/p>\n","protected":false},"excerpt":{"rendered":"<p>[vc_row][vc_column el_id=&#8221;rev-slider-hero&#8221;][\/vc_column][\/vc_row][vc_row][vc_column][vc_empty_space height=&#8221;64px&#8221;][\/vc_column][\/vc_row][vc_row][vc_column width=&#8221;1\/2&#8243; css=&#8221;.vc_custom_1620758829781{margin-bottom: 25px !important;}&#8221;][vc_column_text] SEKT\u00d6RLER M\u00fc\u015fteri odakl\u0131 yakla\u015f\u0131m\u0131m\u0131z ve ki\u015fiye \u00f6zel \u00e7\u00f6z\u00fcmlerimiz, a\u015fa\u011f\u0131daki sekt\u00f6rlerdeki de\u011ferli m\u00fc\u015fterilerimizin ihtiya\u00e7lar\u0131na hizmet etmektedir: Elektrik \u00fcretimi ve yenilenebilir enerji Petrol ve gaz \u0130n\u015faat ve madencilik&#8230;<\/p>\n","protected":false},"author":1,"featured_media":0,"parent":0,"menu_order":0,"comment_status":"closed","ping_status":"closed","template":"","meta":{"footnotes":""},"class_list":["post-3195","page","type-page","status-publish","hentry"],"_links":{"self":[{"href":"https:\/\/www.livologistics.com\/tr\/wp-json\/wp\/v2\/pages\/3195","targetHints":{"allow":["GET"]}}],"collection":[{"href":"https:\/\/www.livologistics.com\/tr\/wp-json\/wp\/v2\/pages"}],"about":[{"href":"https:\/\/www.livologistics.com\/tr\/wp-json\/wp\/v2\/types\/page"}],"author":[{"embeddable":true,"href":"https:\/\/www.livologistics.com\/tr\/wp-json\/wp\/v2\/users\/1"}],"replies":[{"embeddable":true,"href":"https:\/\/www.livologistics.com\/tr\/wp-json\/wp\/v2\/comments?post=3195"}],"version-history":[{"count":7,"href":"https:\/\/www.livologistics.com\/tr\/wp-json\/wp\/v2\/pages\/3195\/revisions"}],"predecessor-version":[{"id":3219,"href":"https:\/\/www.livologistics.com\/tr\/wp-json\/wp\/v2\/pages\/3195\/revisions\/3219"}],"wp:attachment":[{"href":"https:\/\/www.livologistics.com\/tr\/wp-json\/wp\/v2\/media?parent=3195"}],"curies":[{"name":"wp","href":"https:\/\/api.w.org\/{rel}","templated":true}]}}