{"id":2830,"date":"2021-07-21T20:39:11","date_gmt":"2021-07-21T18:39:11","guid":{"rendered":"https:\/\/www.livologistics.com\/v2es\/"},"modified":"2026-03-23T19:18:45","modified_gmt":"2026-03-23T18:18:45","slug":"v2es","status":"publish","type":"page","link":"https:\/\/www.livologistics.com\/es\/","title":{"rendered":"V2ES"},"content":{"rendered":"<p>[vc_row][vc_column el_id=\u00bbrevslider-image\u00bb]\n\t\t\t<!-- START homev2es REVOLUTION SLIDER 6.3.9 --><p class=\"rs-p-wp-fix\"><\/p>\n\t\t\t<rs-module-wrap id=\"rev_slider_16_1_wrapper\" data-source=\"gallery\" style=\"background:transparent;padding:0;margin:0px auto;margin-top:0;margin-bottom:0;\">\n\t\t\t\t<rs-module id=\"rev_slider_16_1\" style=\"\" data-version=\"6.3.9\">\n\t\t\t\t\t<rs-slides>\n\t\t\t\t\t\t<rs-slide data-key=\"rs-31\" data-title=\"Slide\" data-anim=\"ei:d;eo:d;s:1000;r:0;t:fade;sl:0;\">\n\t\t\t\t\t\t\t<img loading=\"lazy\" decoding=\"async\" src=\"\/\/www.livologistics.com\/wp-content\/uploads\/revslider\/home-v2\/livo-logistics-home-banner.jpg\" title=\"livo-logistics-home-banner.jpg\" width=\"2100\" height=\"1400\" data-bg=\"p:0% 65%;\" class=\"rev-slidebg\" data-no-retina>\n<!---->\t\t\t\t\t\t<\/rs-slide>\n\t\t\t\t\t\t<rs-slide data-key=\"rs-32\" data-title=\"Slide\" data-anim=\"ei:d;eo:d;s:1000;r:0;t:fade;sl:0;\">\n\t\t\t\t\t\t\t<img loading=\"lazy\" decoding=\"async\" src=\"\/\/www.livologistics.com\/wp-content\/uploads\/revslider\/home-v2\/livo-logistics-home-banner.jpg\" title=\"livo-logistics-home-banner.jpg\" width=\"2100\" height=\"1400\" data-bg=\"p:0% 65%;\" class=\"rev-slidebg\" data-no-retina>\n<!---->\t\t\t\t\t\t<\/rs-slide>\n\t\t\t\t\t\t<rs-slide data-key=\"rs-33\" data-title=\"Slide\" data-anim=\"ei:d;eo:d;s:1000;r:0;t:fade;sl:0;\">\n\t\t\t\t\t\t\t<img loading=\"lazy\" decoding=\"async\" src=\"\/\/www.livologistics.com\/wp-content\/uploads\/revslider\/home-v2\/livo-logistics-home-banner.jpg\" title=\"livo-logistics-home-banner.jpg\" width=\"2100\" height=\"1400\" data-bg=\"p:0% 65%;\" class=\"rev-slidebg\" data-no-retina>\n<!---->\t\t\t\t\t\t<\/rs-slide>\n\t\t\t\t\t\t<rs-slide data-key=\"rs-34\" data-title=\"Slide\" data-anim=\"ei:d;eo:d;s:1000;r:0;t:fade;sl:0;\">\n\t\t\t\t\t\t\t<img loading=\"lazy\" decoding=\"async\" src=\"\/\/www.livologistics.com\/wp-content\/uploads\/revslider\/home-v2\/livo-logistics-home-banner.jpg\" title=\"livo-logistics-home-banner.jpg\" width=\"2100\" height=\"1400\" data-bg=\"p:0% 65%;\" class=\"rev-slidebg\" data-no-retina>\n<!---->\t\t\t\t\t\t<\/rs-slide>\n\t\t\t\t\t\t<rs-slide data-key=\"rs-35\" data-title=\"Slide\" data-anim=\"ei:d;eo:d;s:1000;r:0;t:fade;sl:0;\">\n\t\t\t\t\t\t\t<img loading=\"lazy\" decoding=\"async\" src=\"\/\/www.livologistics.com\/wp-content\/uploads\/revslider\/home-v2\/livo-logistics-home-banner.jpg\" title=\"livo-logistics-home-banner.jpg\" width=\"2100\" height=\"1400\" data-bg=\"p:0% 65%;\" class=\"rev-slidebg\" data-no-retina>\n<!---->\t\t\t\t\t\t<\/rs-slide>\n\t\t\t\t\t<\/rs-slides>\n\t\t\t\t\t<rs-static-layers><!--\n\t\t\t\t\t--><\/rs-static-layers>\n\t\t\t\t<\/rs-module>\n\t\t\t\t<script type=\"text\/javascript\">\n\t\t\t\t\tsetREVStartSize({c: 'rev_slider_16_1',rl:[1240,1024,778,480],el:[400],gw:[1240],gh:[400],type:'standard',justify:'',layout:'fullwidth',mh:\"0\"});\n\t\t\t\t\tvar\trevapi16,\n\t\t\t\t\t\ttpj;\n\t\t\t\t\tfunction revinit_revslider161() {\n\t\t\t\t\tjQuery(function() {\n\t\t\t\t\t\ttpj = jQuery;\n\t\t\t\t\t\trevapi16 = tpj(\"#rev_slider_16_1\");\n\t\t\t\t\t\tif(revapi16==undefined || revapi16.revolution == undefined){\n\t\t\t\t\t\t\trevslider_showDoubleJqueryError(\"rev_slider_16_1\");\n\t\t\t\t\t\t}else{\n\t\t\t\t\t\t\trevapi16.revolution({\n\t\t\t\t\t\t\t\tsliderLayout:\"fullwidth\",\n\t\t\t\t\t\t\t\tduration:\"0ms\",\n\t\t\t\t\t\t\t\tvisibilityLevels:\"1240,1024,778,480\",\n\t\t\t\t\t\t\t\tgridwidth:1240,\n\t\t\t\t\t\t\t\tgridheight:400,\n\t\t\t\t\t\t\t\tspinner:\"spinner8\",\n\t\t\t\t\t\t\t\tperspective:600,\n\t\t\t\t\t\t\t\tperspectiveType:\"local\",\n\t\t\t\t\t\t\t\tspinnerclr:\"#34aadc\",\n\t\t\t\t\t\t\t\teditorheight:\"400,768,960,155\",\n\t\t\t\t\t\t\t\tresponsiveLevels:\"1240,1024,778,480\",\n\t\t\t\t\t\t\t\tstopAtSlide:1,\n\t\t\t\t\t\t\t\tstopAfterLoops:0,\n\t\t\t\t\t\t\t\tstopLoop:true,\n\t\t\t\t\t\t\t\tprogressBar:{disableProgressBar:true},\n\t\t\t\t\t\t\t\tnavigation: {\n\t\t\t\t\t\t\t\t\tonHoverStop:false\n\t\t\t\t\t\t\t\t},\n\t\t\t\t\t\t\t\tfallbacks: {\n\t\t\t\t\t\t\t\t\tallowHTML5AutoPlayOnAndroid:true\n\t\t\t\t\t\t\t\t},\n\t\t\t\t\t\t\t});\n\t\t\t\t\t\t\t\nrevapi16.bind(\"revolution.slide.onbeforeswap\",function (e,data) {\n    switch(data.nextSlideIndex){\n      case 2:    \n        console.info(\"road\");\n        \/\/setTimeout(function() { \n\t\t\twindow.location = '\/es\/services\/transporte-por-carretera\/'; \n\t\t\/\/}, 100);\n        break;\n      case 3:\n        console.info(\"ocean\");\n        window.location = '\/es\/services\/transporte-maritimo\/'; \n        break;\n      case 4:\n        console.info(\"air\");\n        window.location = '\/es\/services\/transporte-aereo\/'; \n        break;\n      case 5:\n        console.info(\"cargo\");\n        window.location = '\/es\/services\/carga-de-proyecto\/';         \n        break;\n    }  \n});\n\n\n\n\n\t\t\t\t\t\t}\n\t\t\t\t\t\t\n\t\t\t\t\t});\n\t\t\t\t\t} \/\/ End of RevInitScript\n\t\t\t\tvar once_revslider161 = false;\n\t\t\t\tif (document.readyState === \"loading\") {document.addEventListener('readystatechange',function() { if((document.readyState === \"interactive\" || document.readyState === \"complete\") && !once_revslider161 ) { once_revslider161 = true; revinit_revslider161();}});} else {once_revslider161 = true; revinit_revslider161();}\n\t\t\t\t<\/script>\n\t\t\t<\/rs-module-wrap>\n\t\t\t<!-- END REVOLUTION SLIDER -->\n[\/vc_column][\/vc_row][vc_row full_width=\u00bbstretch_row\u00bb el_class=\u00bbbase_bg_color\u00bb el_id=\u00bbrevslider-navigation\u00bb][vc_column width=\u00bb1\/4&#8243;][stm_rev_slider_nav slider_id=\u00bb16&#8243; icon=\u00bbstm-transport856&#8243; title=\u00bbCarga de Proyecto\u00bb slide_number=\u00bb5&#8243;][\/vc_column][vc_column width=\u00bb1\/4&#8243;][stm_rev_slider_nav slider_id=\u00bb16&#8243; icon=\u00bbstm-transport842&#8243; title=\u00bbCarretera\u00bb slide_number=\u00bb2&#8243;][\/vc_column][vc_column width=\u00bb1\/4&#8243;][stm_rev_slider_nav slider_id=\u00bb16&#8243; icon=\u00bbstm-ship\u00bb title=\u00bbMar\u00edtimo\u00bb slide_number=\u00bb3&#8243;][\/vc_column][vc_column width=\u00bb1\/4&#8243;][stm_rev_slider_nav slider_id=\u00bb16&#8243; icon=\u00bbstm-transport839&#8243; title=\u00bbA\u00e9reo\u00bb slide_number=\u00bb4&#8243;][\/vc_column][\/vc_row][vc_row full_width=\u00bbstretch_row\u00bb equal_height=\u00bbyes\u00bb content_placement=\u00bbtop\u00bb][vc_column][vc_empty_space height=\u00bb48px\u00bb][\/vc_column][vc_column width=\u00bb1\/4&#8243;][vc_column_text]<\/p>\n<h2>BIENVENIDO A LIVO LOGISTICS<\/h2>\n<p><span style=\"font-size: 18px; font-weight: bold;\">ALBERTO VERUGI<\/span><br \/>\n<span style=\"font-size: 14px; font-weight: bold;\">Company founder<\/span>[\/vc_column_text][\/vc_column][vc_column width=\u00bb3\/4&#8243;][vc_row_inner][vc_column_inner width=\u00bb1\/2&#8243;][vc_column_text]Livo Logistics nace gracias al impulso de un grupo de profesionales con una dilatada experiencia en diversas \u00e1reas de servicios log\u00edsticos a nivel internacional.<\/p>\n<p>Cada miembro de este equipo internacional y multiling\u00fce, inicialmente establecido en Europa, ha pasado gran parte de su carrera profesional desarrollando soluciones para resolver los desaf\u00edos log\u00edsticos de sus clientes.<\/p>\n<p>Con el objetivo de encontrar las mejores alternativas econ\u00f3micas y t\u00e9cnicas, hemos desarrollado y ejecutado proyectos de gran envergadura en todo el mundo. La experiencia de muchos a\u00f1os nos ha brindado el conocimiento para comprender las necesidades log\u00edsticas de nuestros clientes y alinear cada proyecto con los detalles espec\u00edficos de cada \u00e1rea de negocio.[\/vc_column_text][\/vc_column_inner][vc_column_inner width=\u00bb1\/2&#8243;][vc_column_text]Entre nuestros clientes se encuentran una gran variedad de industrias, trabajamos desde las peque\u00f1as a las grandes cargas sobredimensionadas que requieren herramientas especiales y medios de transporte \u00fanicos. Desarrollamos y ejecutamos cada proyecto con una atenci\u00f3n especial de nuestro equipo internacional y nuestra red global de business partners. Para ello seguimos los m\u00e1s rigurosos est\u00e1ndares de seguridad y cumplimos con los objetivos temporales.<\/p>\n<p>Nuestro objetivo principal es que nuestros clientes nos reconozcan como un proveedor de soluciones con un alto nivel de excelencia en el servicio que agrega valor a su negocio. Para ello, trabajamos codo con codo con nuestros clientes a fin de garantizar un servicio personalizado de alto nivel.[\/vc_column_text][\/vc_column_inner][\/vc_row_inner][\/vc_column][vc_column][vc_empty_space height=\u00bb48px\u00bb][\/vc_column][\/vc_row][vc_row full_width=\u00bbstretch_row\u00bb css=\u00bb.vc_custom_1603387545008{background-color: #34ccff !important;}\u00bb][vc_column width=\u00bb1\/3&#8243;][vc_empty_space][vc_single_image image=\u00bb2377&#8243; img_size=\u00bb85px\u00bb alignment=\u00bbcenter\u00bb el_class=\u00bblivo-cta-icon\u00bb][vc_column_text el_class=\u00bblivo-txt-white\u00bb]<\/p>\n<p style=\"text-align: center;\"><strong>OPERATIONAL EXCELLENCE<\/strong><br \/>\nHundreds of projects worldwide, for hundreds of clients.[\/vc_column_text][\/vc_column][vc_column width=\u00bb1\/3&#8243;][stm_video_popup video=\u00bbhttps:\/\/www.youtube.com\/embed\/3ZEw68wFg-w\u00bb image=\u00bb2365&#8243;][\/vc_column][vc_column width=\u00bb1\/3&#8243;][vc_empty_space][vc_single_image image=\u00bb2383&#8243; img_size=\u00bb85px\u00bb alignment=\u00bbcenter\u00bb onclick=\u00bbcustom_link\u00bb img_link_target=\u00bb_blank\u00bb el_class=\u00bblivo-cta-icon\u00bb link=\u00bbhttps:%2F%2Fwww.livologistics.com%2Fwp-content%2Fuploads%2F2021%2F04%2FLIVO_LOGISTICS_presentation_2021.pdf|\u00bb][vc_column_text el_class=\u00bblivo-txt-white\u00bb]<\/p>\n<p style=\"text-align: center;\"><a href=\"http:\/\/www.livologistics.com\/wp-content\/uploads\/2026\/03\/LIVO_LOGISTICS_presentation_2026.pdf\" target=\"_blank\" rel=\"noopener noreferrer\"><strong>COMPANY PRESENTATION<\/strong><\/a><br \/>\nGet to know Livo Logistics in more detail.<\/p>\n<p>[\/vc_column_text][\/vc_column][\/vc_row][vc_row full_width=\u00bbstretch_row\u00bb el_class=\u00bbbase_bg_color\u00bb][vc_column][vc_empty_space height=\u00bb70px\u00bb][\/vc_column][\/vc_row][vc_row full_width=\u00bbstretch_row\u00bb el_class=\u00bbbase_bg_color\u00bb][vc_column][stm_services posts_per_page=\u00bb12&#8243;]<\/p>\n<h2 style=\"color: #ffffff;\">SERVICES<\/h2>\n<p>[\/stm_services][\/vc_column][\/vc_row][vc_row full_width=\u00bbstretch_row\u00bb el_class=\u00bbbase_bg_color\u00bb][vc_column][vc_empty_space height=\u00bb48px\u00bb][\/vc_column][\/vc_row][vc_row full_width=\u00bbstretch_row\u00bb equal_height=\u00bbyes\u00bb css=\u00bb.vc_custom_1603392890626{background-color: #f9f9f9 !important;}\u00bb][vc_column width=\u00bb1\/2&#8243;][vc_empty_space height=\u00bb48px\u00bb][vc_column_text]<\/p>\n<h2>\u00bfQU\u00c9 NOS HACE ESPECIALES?<\/h2>\n<p>[\/vc_column_text][vc_row_inner css=\u00bb.vc_custom_1603392467369{padding: 24px !important;}\u00bb][vc_column_inner width=\u00bb1\/2&#8243;][stm_icon drawing=\u00bbyes\u00bb icon_position=\u00bbicon_position_left\u00bb icon_size=\u00bb71&#8243; icon_width=\u00bb95&#8243; title_font_size=\u00bb18&#8243; title_font_weight=\u00bb500&#8243; drawing_icon=\u00bbstm-people-in-team\u00bb text=\u00bbPERSONAL DEDICADO\u00bb icon_color=\u00bb#34ccff\u00bb title_color=\u00bb#183650&#8243; text_color=\u00bb#183650&#8243;][\/vc_column_inner][vc_column_inner width=\u00bb1\/2&#8243;][stm_icon drawing=\u00bbyes\u00bb icon_position=\u00bbicon_position_left\u00bb icon_size=\u00bb71&#8243; icon_width=\u00bb95&#8243; title_font_size=\u00bb18&#8243; title_font_weight=\u00bb500&#8243; drawing_icon=\u00bbstm-projects-done\u00bb text=\u00bbINTEGRIDAD Y \u00c9TICA LABORAL\u00bb icon_color=\u00bb#34ccff\u00bb title_color=\u00bb#183650&#8243; text_color=\u00bb#183650&#8243;][\/vc_column_inner][\/vc_row_inner][vc_row_inner css=\u00bb.vc_custom_1603392490620{padding: 24px !important;}\u00bb][vc_column_inner width=\u00bb1\/2&#8243;][stm_icon drawing=\u00bbyes\u00bb icon_position=\u00bbicon_position_left\u00bb icon_size=\u00bb71&#8243; icon_width=\u00bb95&#8243; title_font_size=\u00bb18&#8243; title_font_weight=\u00bb500&#8243; drawing_icon=\u00bbstm-clients-worldwide\u00bb text=\u00bbCOBERTURA GLOBAL\u00bb icon_color=\u00bb#34ccff\u00bb title_color=\u00bb#183650&#8243; text_color=\u00bb#183650&#8243;][\/vc_column_inner][vc_column_inner width=\u00bb1\/2&#8243;][stm_icon drawing=\u00bbyes\u00bb icon_position=\u00bbicon_position_left\u00bb icon_size=\u00bb71&#8243; icon_width=\u00bb95&#8243; title_font_size=\u00bb18&#8243; title_font_weight=\u00bb500&#8243; drawing_icon=\u00bbstm-packaging-and-storage\u00bb text=\u00bbL\u00cdMITES DE ALTA RESPONSABILIDAD\u00bb icon_color=\u00bb#34ccff\u00bb title_color=\u00bb#183650&#8243; text_color=\u00bb#183650&#8243;][\/vc_column_inner][\/vc_row_inner][vc_empty_space height=\u00bb48px\u00bb][\/vc_column][vc_column width=\u00bb1\/2&#8243; css=\u00bb.vc_custom_1603392737222{background-color: #34ccff !important;}\u00bb][vc_row_inner][vc_column_inner width=\u00bb1\/4&#8243; offset=\u00bbvc_hidden-xs\u00bb][\/vc_column_inner][vc_column_inner width=\u00bb1\/2&#8243; el_id=\u00bbconnecting-dots\u00bb][vc_empty_space height=\u00bb48px\u00bb el_class=\u00bbvc_hidden-xs\u00bb][vc_column_text]<\/p>\n<h2 style=\"color: #fff;\">Connecting the dots is our speciality!<\/h2>\n<p>[\/vc_column_text][vc_raw_html]JTNDYnV0dG9uJTIwY2xhc3MlM0QlMjJ2Y19nZW5lcmFsJTIwdmNfYnRuMyUyMHZjX2J0bjMtc2l6ZS1tZCUyMHZjX2J0bjMtc2hhcGUtcm91bmQlMjB2Y19idG4zLXN0eWxlLW91dGxpbmUlMjB2Y19idG4zLWNvbG9yLXRoZW1lX3N0eWxlXzIlMjIlMjBvbmNsaWNrJTNEJTIybG9jYXRpb24uaHJlZiUzRCUyNyUyRmVzJTJGY29udGFjdG9zJTJGJTI3JTIyJTIwdHlwZSUzRCUyMmJ1dHRvbiUyMiUzRUNPTlRBQ1QlMjBVUyUyME5PVyUyMCUzQ2klMjBjbGFzcyUzRCUyMnN0bS1hcnJvdy1uZXh0JTIyJTNFJTNDJTJGaSUzRSUzQyUyRmJ1dHRvbiUzRQ==[\/vc_raw_html][\/vc_column_inner][vc_column_inner width=\u00bb1\/4&#8243; offset=\u00bbvc_hidden-xs\u00bb][\/vc_column_inner][\/vc_row_inner][\/vc_column][\/vc_row][vc_row css=\u00bb.vc_custom_1603537213861{padding-top: 48px !important;}\u00bb][vc_column][vc_column_text]<strong>LIVO LOGISTICS<\/strong>\u00a0es un orgulloso miembro de las siguientes asociaciones:[\/vc_column_text][\/vc_column][\/vc_row][vc_row full_width=\u00bbstretch_row\u00bb css=\u00bb.vc_custom_1603536924597{padding-top: 48px !important;padding-bottom: 48px !important;}\u00bb][vc_column width=\u00bb1\/5&#8243;][vc_single_image image=\u00bb2363&#8243; img_size=\u00bb\u00bb alignment=\u00bbcenter\u00bb onclick=\u00bbcustom_link\u00bb img_link_target=\u00bb_blank\u00bb link=\u00bbhttp:%2F%2Fwww.fedespedi.it%2F|\u00bb][\/vc_column][vc_column width=\u00bb1\/5&#8243;][vc_single_image image=\u00bb2345&#8243; img_size=\u00bb\u00bb alignment=\u00bbcenter\u00bb onclick=\u00bbcustom_link\u00bb img_link_target=\u00bb_blank\u00bb link=\u00bbhttps:%2F%2Fwww.projectcargonetwork.com%2F|\u00bb][\/vc_column][vc_column width=\u00bb1\/5&#8243;][vc_single_image image=\u00bb2339&#8243; img_size=\u00bb\u00bb alignment=\u00bbcenter\u00bb onclick=\u00bbcustom_link\u00bb img_link_target=\u00bb_blank\u00bb link=\u00bbhttps:%2F%2Fwww.pl-alliance.com%2F|\u00bb][\/vc_column][vc_column width=\u00bb1\/5&#8243;][vc_single_image image=\u00bb2351&#8243; img_size=\u00bb\u00bb alignment=\u00bbcenter\u00bb onclick=\u00bbcustom_link\u00bb img_link_target=\u00bb_blank\u00bb link=\u00bbhttps:%2F%2Fwww.oognetwork.com%2F|\u00bb][\/vc_column][vc_column width=\u00bb1\/5&#8243;][vc_single_image image=\u00bb2357&#8243; img_size=\u00bb\u00bb alignment=\u00bbcenter\u00bb onclick=\u00bbcustom_link\u00bb img_link_target=\u00bb_blank\u00bb link=\u00bbhttps:%2F%2Fwww.freightbook.net%2F|\u00bb][\/vc_column][\/vc_row]<\/p>\n","protected":false},"excerpt":{"rendered":"<p>[vc_row][vc_column el_id=\u00bbrevslider-image\u00bb][\/vc_column][\/vc_row][vc_row full_width=\u00bbstretch_row\u00bb el_class=\u00bbbase_bg_color\u00bb el_id=\u00bbrevslider-navigation\u00bb][vc_column width=\u00bb1\/4&#8243;][stm_rev_slider_nav slider_id=\u00bb16&#8243; icon=\u00bbstm-transport856&#8243; title=\u00bbCarga de Proyecto\u00bb slide_number=\u00bb5&#8243;][\/vc_column][vc_column width=\u00bb1\/4&#8243;][stm_rev_slider_nav slider_id=\u00bb16&#8243; icon=\u00bbstm-transport842&#8243; title=\u00bbCarretera\u00bb slide_number=\u00bb2&#8243;][\/vc_column][vc_column width=\u00bb1\/4&#8243;][stm_rev_slider_nav slider_id=\u00bb16&#8243; icon=\u00bbstm-ship\u00bb title=\u00bbMar\u00edtimo\u00bb slide_number=\u00bb3&#8243;][\/vc_column][vc_column width=\u00bb1\/4&#8243;][stm_rev_slider_nav slider_id=\u00bb16&#8243; icon=\u00bbstm-transport839&#8243; title=\u00bbA\u00e9reo\u00bb slide_number=\u00bb4&#8243;][\/vc_column][\/vc_row][vc_row full_width=\u00bbstretch_row\u00bb equal_height=\u00bbyes\u00bb content_placement=\u00bbtop\u00bb][vc_column][vc_empty_space height=\u00bb48px\u00bb][\/vc_column][vc_column width=\u00bb1\/4&#8243;][vc_column_text] BIENVENIDO&#8230;<\/p>\n","protected":false},"author":1,"featured_media":0,"parent":0,"menu_order":0,"comment_status":"closed","ping_status":"closed","template":"","meta":{"footnotes":""},"class_list":["post-2830","page","type-page","status-publish","hentry"],"_links":{"self":[{"href":"https:\/\/www.livologistics.com\/es\/wp-json\/wp\/v2\/pages\/2830","targetHints":{"allow":["GET"]}}],"collection":[{"href":"https:\/\/www.livologistics.com\/es\/wp-json\/wp\/v2\/pages"}],"about":[{"href":"https:\/\/www.livologistics.com\/es\/wp-json\/wp\/v2\/types\/page"}],"author":[{"embeddable":true,"href":"https:\/\/www.livologistics.com\/es\/wp-json\/wp\/v2\/users\/1"}],"replies":[{"embeddable":true,"href":"https:\/\/www.livologistics.com\/es\/wp-json\/wp\/v2\/comments?post=2830"}],"version-history":[{"count":12,"href":"https:\/\/www.livologistics.com\/es\/wp-json\/wp\/v2\/pages\/2830\/revisions"}],"predecessor-version":[{"id":4781,"href":"https:\/\/www.livologistics.com\/es\/wp-json\/wp\/v2\/pages\/2830\/revisions\/4781"}],"wp:attachment":[{"href":"https:\/\/www.livologistics.com\/es\/wp-json\/wp\/v2\/media?parent=2830"}],"curies":[{"name":"wp","href":"https:\/\/api.w.org\/{rel}","templated":true}]}}